{"id":24622,"date":"2013-01-14T17:39:49","date_gmt":"2013-01-14T15:39:49","guid":{"rendered":"https:\/\/www.borsaturismoarcheologico.it\/sign-up-to-the-workshop\/"},"modified":"2026-03-13T14:22:02","modified_gmt":"2026-03-13T12:22:02","slug":"sign-up-to-the-workshop","status":"publish","type":"page","link":"https:\/\/www.borsaturismoarcheologico.it\/en\/sign-up-to-the-workshop\/","title":{"rendered":"Sign up to the Workshop"},"content":{"rendered":"<p><div class=\"fusion-fullwidth fullwidth-box fusion-builder-row-1 fusion-flex-container nonhundred-percent-fullwidth non-hundred-percent-height-scrolling\" style=\"--awb-border-radius-top-left:0px;--awb-border-radius-top-right:0px;--awb-border-radius-bottom-right:0px;--awb-border-radius-bottom-left:0px;--awb-flex-wrap:wrap;\" ><div class=\"fusion-builder-row fusion-row fusion-flex-align-items-flex-start fusion-flex-content-wrap\" style=\"max-width:1248px;margin-left: calc(-4% \/ 2 );margin-right: calc(-4% \/ 2 );\"><div class=\"fusion-layout-column fusion_builder_column fusion-builder-column-0 fusion_builder_column_1_1 1_1 fusion-flex-column\" style=\"--awb-bg-size:cover;--awb-width-large:100%;--awb-margin-top-large:0px;--awb-spacing-right-large:1.92%;--awb-margin-bottom-large:0px;--awb-spacing-left-large:1.92%;--awb-width-medium:100%;--awb-spacing-right-medium:1.92%;--awb-spacing-left-medium:1.92%;--awb-width-small:100%;--awb-spacing-right-small:1.92%;--awb-spacing-left-small:1.92%;\"><div class=\"fusion-column-wrapper fusion-flex-justify-content-flex-start fusion-content-layout-column\"><div class=\"fusion-text fusion-text-1\" style=\"--awb-text-transform:none;\"><h1>Il Workshop in collaborazione con l&#8217;<span style=\"color: #ff9900;\">ENIT<\/span> \u00e8 l&#8217;unico incontro al mondo tra domanda e offerta dedicato al turismo archeologico<\/h1>\n<h5><a href=\"https:\/\/www.enit.it\/\" rel=\"nofollow noopener\" target=\"_blank\"><img decoding=\"async\" class=\"alignnone wp-image-44888\" src=\"https:\/\/www.borsaturismoarcheologico.it\/wp-content\/uploads\/2025\/11\/ENIT-SPA.png\" alt=\"\" width=\"244\" height=\"203\" title=\"\" srcset=\"https:\/\/www.borsaturismoarcheologico.it\/wp-content\/uploads\/2025\/11\/ENIT-SPA-200x167.png 200w, https:\/\/www.borsaturismoarcheologico.it\/wp-content\/uploads\/2025\/11\/ENIT-SPA-300x250.png 300w, https:\/\/www.borsaturismoarcheologico.it\/wp-content\/uploads\/2025\/11\/ENIT-SPA-400x334.png 400w, https:\/\/www.borsaturismoarcheologico.it\/wp-content\/uploads\/2025\/11\/ENIT-SPA-600x501.png 600w, https:\/\/www.borsaturismoarcheologico.it\/wp-content\/uploads\/2025\/11\/ENIT-SPA-768x641.png 768w, https:\/\/www.borsaturismoarcheologico.it\/wp-content\/uploads\/2025\/11\/ENIT-SPA.png 799w\" sizes=\"(max-width: 244px) 100vw, 244px\" \/><\/a><\/h5>\n<h5><span style=\"color: #f8951d;\">Next ex Tabacchificio<br \/>\n<span style=\"color: #005490;\">sabato 31 ottobre <span style=\"color: #f8951d;\">ore 10 \u00b7 14 \/ 15 \u00b7 18<\/span><strong><br \/>\n<\/strong><\/span><\/span><\/h5>\n<h1>I Buyer europei<span style=\"color: #ff6600;\"><em><br \/>\n<\/em><\/span><\/h1>\n<table>\n<tbody>\n<tr>\n<td valign=\"top\">\n<p style=\"text-align: left;\"><strong><span style=\"color: #00aff0;\"><span style=\"color: #000000;\">Il Workshop in collaborazione con <span style=\"color: #ff9900;\"><a style=\"color: #ff9900;\" href=\"http:\/\/www.enit.it\/it\/\" rel=\"nofollow noopener\" target=\"_blank\">ENIT <\/a><\/span>\u00e8 l&#8217;unico incontro al mondo tra domanda e offerta del turismo archeologico<\/span><\/span><\/strong>: \u00e8 riservato agli operatori professionali dell&#8217;offerta turistica per garantire le migliori opportunit\u00e0 d&#8217;affari nell&#8217;incontro diretto &#8220;B2B&#8221; con la domanda internazionale.<\/p>\n<p style=\"text-align: left;\">Gli operatori turistici dell&#8217;offerta incontreranno Buyer provenienti da <strong><span style=\"color: #ff9900;\">Austria, Belgio, Francia, Germania, Regno Unito, Spagna, Svizzera <\/span><\/strong>selezionati tra i principali tour operator interessati al segmento archeologico del <strong>turismo culturale<\/strong>.<\/p>\n<p style=\"text-align: left;\">La domanda \u00e8 selezionata secondo rigorosi criteri di qualit\u00e0 (dal volume d&#8217;affari che la societ\u00e0 genera in Italia alla quantit\u00e0 di visitatori portati nel nostro Paese, dal numero di dipendenti al fatturato).<\/p>\n<\/td>\n<td valign=\"top\">\n<h5 style=\"text-align: center;\"><\/h5>\n<\/td>\n<\/tr>\n<\/tbody>\n<\/table>\n<h1>I Buyer nazionali<\/h1>\n<p style=\"text-align: left;\">La <span style=\"color: #005490;\"><strong>BMTA<\/strong><\/span>, nell&#8217;intento di favorire l&#8217;incontro degli operatori anche con la domanda nazionale, per recuperare la domanda di prossimit\u00e0, oggi quanto mai importante per recuperare flussi turistici, ha invitato <strong>i tour operator specialisti nel turismo archeologico della destinazione Italia.<\/strong><\/p>\n<h5><\/h5>\n<h1>Info<\/h1>\n<p style=\"text-align: justify;\">Gli iscritti al Workshop riceveranno, solo al momento del pagamento, l&#8217;elenco dei Buyer con i recapiti per avere l&#8217;opportunit\u00e0 di conoscere e contattare prima i potenziali interlocutori.<\/p>\n<h5><a href=\"https:\/\/www.borsaturismoarcheologico.it\/wp-content\/uploads\/2026\/03\/Scheda-Workshop_BMTA2026.pdf\"><img decoding=\"async\" class=\"alignnone wp-image-693\" src=\"https:\/\/www.borsaturismoarcheologico.it\/wp-content\/uploads\/2013\/01\/1360704754_pdf.png\" alt=\"\" width=\"60\" height=\"60\" title=\"\" srcset=\"https:\/\/www.borsaturismoarcheologico.it\/wp-content\/uploads\/2013\/01\/1360704754_pdf-62x62.png 62w, https:\/\/www.borsaturismoarcheologico.it\/wp-content\/uploads\/2013\/01\/1360704754_pdf.png 128w\" sizes=\"(max-width: 60px) 100vw, 60px\" \/><\/a><a href=\"https:\/\/www.borsaturismoarcheologico.it\/wp-content\/uploads\/2026\/03\/Scheda-Workshop_BMTA2026.pdf\"><span style=\"color: #ff9900;\">Scarica la scheda per l&#8217;iscrizione al Workshop<\/span><\/a><\/h5>\n<\/div><\/div><\/div><\/div><\/div><div class=\"fusion-fullwidth fullwidth-box fusion-builder-row-2 fusion-flex-container nonhundred-percent-fullwidth non-hundred-percent-height-scrolling\" style=\"--awb-border-radius-top-left:0px;--awb-border-radius-top-right:0px;--awb-border-radius-bottom-right:0px;--awb-border-radius-bottom-left:0px;--awb-flex-wrap:wrap;\" ><div class=\"fusion-builder-row fusion-row fusion-flex-align-items-flex-start fusion-flex-content-wrap\" style=\"max-width:1248px;margin-left: calc(-4% \/ 2 );margin-right: calc(-4% \/ 2 );\"><div class=\"fusion-layout-column fusion_builder_column fusion-builder-column-1 fusion_builder_column_1_1 1_1 fusion-flex-column\" style=\"--awb-bg-size:cover;--awb-width-large:100%;--awb-margin-top-large:0px;--awb-spacing-right-large:1.92%;--awb-margin-bottom-large:20px;--awb-spacing-left-large:1.92%;--awb-width-medium:100%;--awb-order-medium:0;--awb-spacing-right-medium:1.92%;--awb-spacing-left-medium:1.92%;--awb-width-small:100%;--awb-order-small:0;--awb-spacing-right-small:1.92%;--awb-spacing-left-small:1.92%;\"><div class=\"fusion-column-wrapper fusion-column-has-shadow fusion-flex-justify-content-flex-start fusion-content-layout-column\"><div class=\"awb-gallery-wrapper awb-gallery-wrapper-1 button-span-no\"><div style=\"margin:-5px;--awb-bordersize:0px;\" class=\"fusion-gallery fusion-gallery-container fusion-grid-6 fusion-columns-total-6 fusion-gallery-layout-grid fusion-gallery-1\"><div style=\"padding:5px;\" class=\"fusion-grid-column fusion-gallery-column fusion-gallery-column-6 hover-type-none\"><div class=\"fusion-gallery-image\"><a href=\"https:\/\/www.borsaturismoarcheologico.it\/wp-content\/uploads\/2022\/11\/AS7_1681-scaled.jpg\" rel=\"noreferrer\" data-rel=\"iLightbox[gallery_image_1]\" class=\"fusion-lightbox\" target=\"_self\"><img decoding=\"async\" src=\"https:\/\/www.borsaturismoarcheologico.it\/wp-content\/uploads\/2022\/11\/AS7_1681-scaled.jpg\" width=\"2560\" height=\"1709\" alt=\"\" title=\"AS7_1681\" aria-label=\"AS7_1681\" class=\"img-responsive wp-image-36821\" srcset=\"https:\/\/www.borsaturismoarcheologico.it\/wp-content\/uploads\/2022\/11\/AS7_1681-200x134.jpg 200w, https:\/\/www.borsaturismoarcheologico.it\/wp-content\/uploads\/2022\/11\/AS7_1681-400x267.jpg 400w, https:\/\/www.borsaturismoarcheologico.it\/wp-content\/uploads\/2022\/11\/AS7_1681-600x401.jpg 600w, https:\/\/www.borsaturismoarcheologico.it\/wp-content\/uploads\/2022\/11\/AS7_1681-800x534.jpg 800w, https:\/\/www.borsaturismoarcheologico.it\/wp-content\/uploads\/2022\/11\/AS7_1681-1200x801.jpg 1200w, https:\/\/www.borsaturismoarcheologico.it\/wp-content\/uploads\/2022\/11\/AS7_1681-scaled.jpg 2560w\" sizes=\"(min-width: 2200px) 100vw, (min-width: 900px) 196px, (min-width: 848px) 235px, (min-width: 796px) 294px, (min-width: 744px) 392px, (min-width: 692px) 588px, (min-width: 640px) 692px, \"><\/a><\/div><\/div><div style=\"padding:5px;\" class=\"fusion-grid-column fusion-gallery-column fusion-gallery-column-6 hover-type-none\"><div class=\"fusion-gallery-image\"><a href=\"https:\/\/www.borsaturismoarcheologico.it\/wp-content\/uploads\/2022\/11\/AS7_1568-scaled.jpg\" rel=\"noreferrer\" data-rel=\"iLightbox[gallery_image_1]\" class=\"fusion-lightbox\" target=\"_self\"><img decoding=\"async\" src=\"https:\/\/www.borsaturismoarcheologico.it\/wp-content\/uploads\/2022\/11\/AS7_1568-scaled.jpg\" width=\"2560\" height=\"1709\" alt=\"\" title=\"AS7_1568\" aria-label=\"AS7_1568\" class=\"img-responsive wp-image-36827\" srcset=\"https:\/\/www.borsaturismoarcheologico.it\/wp-content\/uploads\/2022\/11\/AS7_1568-200x133.jpg 200w, https:\/\/www.borsaturismoarcheologico.it\/wp-content\/uploads\/2022\/11\/AS7_1568-400x267.jpg 400w, https:\/\/www.borsaturismoarcheologico.it\/wp-content\/uploads\/2022\/11\/AS7_1568-600x400.jpg 600w, https:\/\/www.borsaturismoarcheologico.it\/wp-content\/uploads\/2022\/11\/AS7_1568-800x534.jpg 800w, https:\/\/www.borsaturismoarcheologico.it\/wp-content\/uploads\/2022\/11\/AS7_1568-1200x801.jpg 1200w, https:\/\/www.borsaturismoarcheologico.it\/wp-content\/uploads\/2022\/11\/AS7_1568-scaled.jpg 2560w\" sizes=\"(min-width: 2200px) 100vw, (min-width: 900px) 196px, (min-width: 848px) 235px, (min-width: 796px) 294px, (min-width: 744px) 392px, (min-width: 692px) 588px, (min-width: 640px) 692px, \"><\/a><\/div><\/div><div style=\"padding:5px;\" class=\"fusion-grid-column fusion-gallery-column fusion-gallery-column-6 hover-type-none\"><div class=\"fusion-gallery-image\"><a href=\"https:\/\/www.borsaturismoarcheologico.it\/wp-content\/uploads\/2022\/11\/AS7_1847-scaled.jpg\" rel=\"noreferrer\" data-rel=\"iLightbox[gallery_image_1]\" class=\"fusion-lightbox\" target=\"_self\"><img decoding=\"async\" src=\"https:\/\/www.borsaturismoarcheologico.it\/wp-content\/uploads\/2022\/11\/AS7_1847-scaled.jpg\" width=\"2560\" height=\"1709\" alt=\"\" title=\"AS7_1847\" aria-label=\"AS7_1847\" class=\"img-responsive wp-image-36825\" srcset=\"https:\/\/www.borsaturismoarcheologico.it\/wp-content\/uploads\/2022\/11\/AS7_1847-200x134.jpg 200w, https:\/\/www.borsaturismoarcheologico.it\/wp-content\/uploads\/2022\/11\/AS7_1847-400x267.jpg 400w, https:\/\/www.borsaturismoarcheologico.it\/wp-content\/uploads\/2022\/11\/AS7_1847-600x401.jpg 600w, https:\/\/www.borsaturismoarcheologico.it\/wp-content\/uploads\/2022\/11\/AS7_1847-800x534.jpg 800w, https:\/\/www.borsaturismoarcheologico.it\/wp-content\/uploads\/2022\/11\/AS7_1847-1200x801.jpg 1200w, https:\/\/www.borsaturismoarcheologico.it\/wp-content\/uploads\/2022\/11\/AS7_1847-scaled.jpg 2560w\" sizes=\"(min-width: 2200px) 100vw, (min-width: 900px) 196px, (min-width: 848px) 235px, (min-width: 796px) 294px, (min-width: 744px) 392px, (min-width: 692px) 588px, (min-width: 640px) 692px, \"><\/a><\/div><\/div><div style=\"padding:5px;\" class=\"fusion-grid-column fusion-gallery-column fusion-gallery-column-6 hover-type-none\"><div class=\"fusion-gallery-image\"><a href=\"https:\/\/www.borsaturismoarcheologico.it\/wp-content\/uploads\/2022\/11\/AS7_1838-scaled.jpg\" rel=\"noreferrer\" data-rel=\"iLightbox[gallery_image_1]\" class=\"fusion-lightbox\" target=\"_self\"><img decoding=\"async\" src=\"https:\/\/www.borsaturismoarcheologico.it\/wp-content\/uploads\/2022\/11\/AS7_1838-scaled.jpg\" width=\"2560\" height=\"1709\" alt=\"\" title=\"AS7_1838\" aria-label=\"AS7_1838\" class=\"img-responsive wp-image-36823\" srcset=\"https:\/\/www.borsaturismoarcheologico.it\/wp-content\/uploads\/2022\/11\/AS7_1838-200x134.jpg 200w, https:\/\/www.borsaturismoarcheologico.it\/wp-content\/uploads\/2022\/11\/AS7_1838-400x267.jpg 400w, https:\/\/www.borsaturismoarcheologico.it\/wp-content\/uploads\/2022\/11\/AS7_1838-600x401.jpg 600w, https:\/\/www.borsaturismoarcheologico.it\/wp-content\/uploads\/2022\/11\/AS7_1838-800x534.jpg 800w, https:\/\/www.borsaturismoarcheologico.it\/wp-content\/uploads\/2022\/11\/AS7_1838-1200x801.jpg 1200w, https:\/\/www.borsaturismoarcheologico.it\/wp-content\/uploads\/2022\/11\/AS7_1838-scaled.jpg 2560w\" sizes=\"(min-width: 2200px) 100vw, (min-width: 900px) 196px, (min-width: 848px) 235px, (min-width: 796px) 294px, (min-width: 744px) 392px, (min-width: 692px) 588px, (min-width: 640px) 692px, \"><\/a><\/div><\/div><div style=\"padding:5px;\" class=\"fusion-grid-column fusion-gallery-column fusion-gallery-column-6 hover-type-none\"><div class=\"fusion-gallery-image\"><a href=\"https:\/\/www.borsaturismoarcheologico.it\/wp-content\/uploads\/2022\/11\/AS7_1667-scaled.jpg\" rel=\"noreferrer\" data-rel=\"iLightbox[gallery_image_1]\" class=\"fusion-lightbox\" target=\"_self\"><img decoding=\"async\" src=\"https:\/\/www.borsaturismoarcheologico.it\/wp-content\/uploads\/2022\/11\/AS7_1667-scaled.jpg\" width=\"2560\" height=\"1709\" alt=\"\" title=\"AS7_1667\" aria-label=\"AS7_1667\" class=\"img-responsive wp-image-36819\" srcset=\"https:\/\/www.borsaturismoarcheologico.it\/wp-content\/uploads\/2022\/11\/AS7_1667-200x134.jpg 200w, https:\/\/www.borsaturismoarcheologico.it\/wp-content\/uploads\/2022\/11\/AS7_1667-400x267.jpg 400w, https:\/\/www.borsaturismoarcheologico.it\/wp-content\/uploads\/2022\/11\/AS7_1667-600x401.jpg 600w, https:\/\/www.borsaturismoarcheologico.it\/wp-content\/uploads\/2022\/11\/AS7_1667-800x534.jpg 800w, https:\/\/www.borsaturismoarcheologico.it\/wp-content\/uploads\/2022\/11\/AS7_1667-1200x801.jpg 1200w, https:\/\/www.borsaturismoarcheologico.it\/wp-content\/uploads\/2022\/11\/AS7_1667-scaled.jpg 2560w\" sizes=\"(min-width: 2200px) 100vw, (min-width: 900px) 196px, (min-width: 848px) 235px, (min-width: 796px) 294px, (min-width: 744px) 392px, (min-width: 692px) 588px, (min-width: 640px) 692px, \"><\/a><\/div><\/div><div style=\"padding:5px;\" class=\"fusion-grid-column fusion-gallery-column fusion-gallery-column-6 hover-type-none\"><div class=\"fusion-gallery-image\"><a href=\"https:\/\/www.borsaturismoarcheologico.it\/wp-content\/uploads\/2022\/11\/AS4_7909-scaled.jpg\" rel=\"noreferrer\" data-rel=\"iLightbox[gallery_image_1]\" class=\"fusion-lightbox\" target=\"_self\"><img decoding=\"async\" src=\"https:\/\/www.borsaturismoarcheologico.it\/wp-content\/uploads\/2022\/11\/AS4_7909-scaled.jpg\" width=\"2560\" height=\"1704\" alt=\"\" title=\"AS4_7909\" aria-label=\"AS4_7909\" class=\"img-responsive wp-image-36817\" srcset=\"https:\/\/www.borsaturismoarcheologico.it\/wp-content\/uploads\/2022\/11\/AS4_7909-200x133.jpg 200w, https:\/\/www.borsaturismoarcheologico.it\/wp-content\/uploads\/2022\/11\/AS4_7909-400x266.jpg 400w, https:\/\/www.borsaturismoarcheologico.it\/wp-content\/uploads\/2022\/11\/AS4_7909-600x399.jpg 600w, https:\/\/www.borsaturismoarcheologico.it\/wp-content\/uploads\/2022\/11\/AS4_7909-800x532.jpg 800w, https:\/\/www.borsaturismoarcheologico.it\/wp-content\/uploads\/2022\/11\/AS4_7909-1200x799.jpg 1200w, https:\/\/www.borsaturismoarcheologico.it\/wp-content\/uploads\/2022\/11\/AS4_7909-scaled.jpg 2560w\" sizes=\"(min-width: 2200px) 100vw, (min-width: 900px) 196px, (min-width: 848px) 235px, (min-width: 796px) 294px, (min-width: 744px) 392px, (min-width: 692px) 588px, (min-width: 640px) 692px, \"><\/a><\/div><\/div><div class=\"clearfix\"><\/div><\/div><\/div><\/div><\/div><\/div><\/div><div class=\"fusion-fullwidth fullwidth-box fusion-builder-row-3 fusion-flex-container nonhundred-percent-fullwidth non-hundred-percent-height-scrolling\" style=\"--awb-border-radius-top-left:0px;--awb-border-radius-top-right:0px;--awb-border-radius-bottom-right:0px;--awb-border-radius-bottom-left:0px;--awb-flex-wrap:wrap;\" ><div class=\"fusion-builder-row fusion-row fusion-flex-align-items-flex-start fusion-flex-content-wrap\" style=\"max-width:1248px;margin-left: calc(-4% \/ 2 );margin-right: calc(-4% \/ 2 );\"><div class=\"fusion-layout-column fusion_builder_column fusion-builder-column-2 fusion_builder_column_1_1 1_1 fusion-flex-column\" style=\"--awb-bg-size:cover;--awb-width-large:100%;--awb-margin-top-large:0px;--awb-spacing-right-large:1.92%;--awb-margin-bottom-large:0px;--awb-spacing-left-large:1.92%;--awb-width-medium:100%;--awb-spacing-right-medium:1.92%;--awb-spacing-left-medium:1.92%;--awb-width-small:100%;--awb-spacing-right-small:1.92%;--awb-spacing-left-small:1.92%;\"><div class=\"fusion-column-wrapper fusion-flex-justify-content-flex-start fusion-content-layout-column\"><div class=\"fusion-text fusion-text-2\"><p><!--more--><\/p>\n<\/div><\/div><\/div><\/div><\/div><\/p>\n","protected":false},"excerpt":{"rendered":"","protected":false},"author":1,"featured_media":0,"parent":0,"menu_order":0,"comment_status":"closed","ping_status":"closed","template":"","meta":{"_monsterinsights_skip_tracking":false,"_monsterinsights_sitenote_active":false,"_monsterinsights_sitenote_note":"","_monsterinsights_sitenote_category":0,"footnotes":""},"class_list":["post-24622","page","type-page","status-publish","hentry"],"_links":{"self":[{"href":"https:\/\/www.borsaturismoarcheologico.it\/en\/wp-json\/wp\/v2\/pages\/24622","targetHints":{"allow":["GET"]}}],"collection":[{"href":"https:\/\/www.borsaturismoarcheologico.it\/en\/wp-json\/wp\/v2\/pages"}],"about":[{"href":"https:\/\/www.borsaturismoarcheologico.it\/en\/wp-json\/wp\/v2\/types\/page"}],"author":[{"embeddable":true,"href":"https:\/\/www.borsaturismoarcheologico.it\/en\/wp-json\/wp\/v2\/users\/1"}],"replies":[{"embeddable":true,"href":"https:\/\/www.borsaturismoarcheologico.it\/en\/wp-json\/wp\/v2\/comments?post=24622"}],"version-history":[{"count":17,"href":"https:\/\/www.borsaturismoarcheologico.it\/en\/wp-json\/wp\/v2\/pages\/24622\/revisions"}],"predecessor-version":[{"id":45366,"href":"https:\/\/www.borsaturismoarcheologico.it\/en\/wp-json\/wp\/v2\/pages\/24622\/revisions\/45366"}],"wp:attachment":[{"href":"https:\/\/www.borsaturismoarcheologico.it\/en\/wp-json\/wp\/v2\/media?parent=24622"}],"curies":[{"name":"wp","href":"https:\/\/api.w.org\/{rel}","templated":true}]}}