{"id":24828,"date":"2016-09-19T17:31:43","date_gmt":"2016-09-19T15:31:43","guid":{"rendered":"https:\/\/www.borsaturismoarcheologico.it\/paestum-digital-storytelling-school-2\/"},"modified":"2016-09-19T17:31:43","modified_gmt":"2016-09-19T16:31:43","slug":"paestum-digital-storytelling-school-2","status":"publish","type":"page","link":"https:\/\/www.borsaturismoarcheologico.it\/en\/paestum-digital-storytelling-school-2\/","title":{"rendered":"PAESTUM DIGITAL STORYTELLING SCHOOL"},"content":{"rendered":"<p style=\"text-align: left;\"><span style=\"color: #005490;\"><strong>\u201cCOME NARRARE IL PASSATO CON L\u2019USO COMBINATO DI TESTI, VIDEO E IMMAGINI\u201d<\/strong><\/span><\/p>\n<p style=\"text-align: left;\"><span style=\"color: #005490;\"><strong><em>UN SEMINARIO PER LA COMUNICAZIONE MULTIMEDIALE DEI BENI CULTURALI<\/em><\/strong><\/span><\/p>\n<p style=\"text-align: left;\"><span style=\"color: #005490;\">a cura dello Swipe Story Team, in collaborazione con Archeostorie<sup>TM<\/sup><\/span><\/p>\n<h4 style=\"text-align: left;\"><span style=\"color: #f8951d;\"><strong>Museo Archeologico &#8211;\u00a0<\/strong><\/span><span style=\"color: #005490;\"><strong>sabato 29 ottobre 2016 dalle ore 10 alle 14<\/strong><\/span><\/h4>\n<p>&nbsp;<\/p>\n<p style=\"text-align: justify;\"><a href=\"https:\/\/www.borsaturismoarcheologico.it\/wp-content\/uploads\/2016\/09\/Swipe-Story.png\" rel=\"attachment wp-att-7069\"><img decoding=\"async\" class=\"alignright wp-image-7069 size-medium\" src=\"https:\/\/www.borsaturismoarcheologico.it\/wp-content\/uploads\/2016\/09\/Swipe-Story-300x150.png\" alt=\"swipe-story\" width=\"300\" height=\"150\" title=\"\" srcset=\"https:\/\/www.borsaturismoarcheologico.it\/wp-content\/uploads\/2016\/09\/Swipe-Story-150x75.png 150w, https:\/\/www.borsaturismoarcheologico.it\/wp-content\/uploads\/2016\/09\/Swipe-Story-200x100.png 200w, https:\/\/www.borsaturismoarcheologico.it\/wp-content\/uploads\/2016\/09\/Swipe-Story-280x140.png 280w, https:\/\/www.borsaturismoarcheologico.it\/wp-content\/uploads\/2016\/09\/Swipe-Story-300x150.png 300w, https:\/\/www.borsaturismoarcheologico.it\/wp-content\/uploads\/2016\/09\/Swipe-Story-440x220.png 440w, https:\/\/www.borsaturismoarcheologico.it\/wp-content\/uploads\/2016\/09\/Swipe-Story-768x384.png 768w, https:\/\/www.borsaturismoarcheologico.it\/wp-content\/uploads\/2016\/09\/Swipe-Story-1024x512.png 1024w, https:\/\/www.borsaturismoarcheologico.it\/wp-content\/uploads\/2016\/09\/Swipe-Story.png 1584w\" sizes=\"(max-width: 300px) 100vw, 300px\" \/><\/a>Come raccontare il passato ai visitatori di un museo o di un parco archeologico, o a dei semplici lettori o spettatori? Noi ci proviamo inventando storie: vicende passate che sappiano raccontare la vita oltre gli oggetti, le persone oltre i luoghi. E se queste storie non sono fatte di sole parole o immagini, ma di un\u2019interattivit\u00e0 che crea sorpresa ed emozione, diventano ancora pi\u00f9 coinvolgenti. Fanno sorridere e imparare di pi\u00f9.<\/p>\n<p style=\"text-align: justify;\">Nel corso del seminario narreremo come si concepisce, si progetta, si sviluppa e si pubblica un racconto multimediale interattivo. Il team di Swipe Story porter\u00e0 la propria esperienza di produzione partecipata fra intuizioni, problem solving, soluzioni tecniche e condivisione con gli stakeholders.<\/p>\n<p style=\"text-align: justify;\">L\u2019is<a href=\"https:\/\/www.borsaturismoarcheologico.it\/wp-content\/uploads\/2016\/09\/Archeostorie.png\" rel=\"attachment wp-att-7074\"><img decoding=\"async\" class=\"alignleft wp-image-7074 size-medium\" src=\"https:\/\/www.borsaturismoarcheologico.it\/wp-content\/uploads\/2016\/09\/Archeostorie-300x30.png\" alt=\"archeostorie\" width=\"300\" height=\"30\" title=\"\" srcset=\"https:\/\/www.borsaturismoarcheologico.it\/wp-content\/uploads\/2016\/09\/Archeostorie-150x15.png 150w, https:\/\/www.borsaturismoarcheologico.it\/wp-content\/uploads\/2016\/09\/Archeostorie-300x30.png 300w, https:\/\/www.borsaturismoarcheologico.it\/wp-content\/uploads\/2016\/09\/Archeostorie-768x77.png 768w, https:\/\/www.borsaturismoarcheologico.it\/wp-content\/uploads\/2016\/09\/Archeostorie-1024x102.png 1024w, https:\/\/www.borsaturismoarcheologico.it\/wp-content\/uploads\/2016\/09\/Archeostorie.png 1766w\" sizes=\"(max-width: 300px) 100vw, 300px\" \/><\/a>crizione al seminario \u00e8 gratuita e aperta a chiunque \u2013 archeologo, operatore culturale, insegnante, ricercatore, artista o semplice curioso \u2013 voglia approfondire le tecniche di narrazione del passato attraverso l\u2019uso delle swipe story.<\/p>\n<p style=\"text-align: left;\"><strong>Per agevolare l\u2019organizzazione chiunque sia interessato a partecipare pu\u00f2 mandare una mail a: \u00a0labs@swipe-story.com<\/strong><\/p>\n","protected":false},"excerpt":{"rendered":"<p>\u201cCOME NARRARE IL PASSATO CON L\u2019USO COMBINATO DI TESTI, VIDEO  [&#8230;]<\/p>\n","protected":false},"author":1,"featured_media":0,"parent":0,"menu_order":0,"comment_status":"closed","ping_status":"closed","template":"","meta":{"_monsterinsights_skip_tracking":false,"_monsterinsights_sitenote_active":false,"_monsterinsights_sitenote_note":"","_monsterinsights_sitenote_category":0,"footnotes":""},"class_list":["post-24828","page","type-page","status-publish","hentry"],"_links":{"self":[{"href":"https:\/\/www.borsaturismoarcheologico.it\/en\/wp-json\/wp\/v2\/pages\/24828","targetHints":{"allow":["GET"]}}],"collection":[{"href":"https:\/\/www.borsaturismoarcheologico.it\/en\/wp-json\/wp\/v2\/pages"}],"about":[{"href":"https:\/\/www.borsaturismoarcheologico.it\/en\/wp-json\/wp\/v2\/types\/page"}],"author":[{"embeddable":true,"href":"https:\/\/www.borsaturismoarcheologico.it\/en\/wp-json\/wp\/v2\/users\/1"}],"replies":[{"embeddable":true,"href":"https:\/\/www.borsaturismoarcheologico.it\/en\/wp-json\/wp\/v2\/comments?post=24828"}],"version-history":[{"count":0,"href":"https:\/\/www.borsaturismoarcheologico.it\/en\/wp-json\/wp\/v2\/pages\/24828\/revisions"}],"wp:attachment":[{"href":"https:\/\/www.borsaturismoarcheologico.it\/en\/wp-json\/wp\/v2\/media?parent=24828"}],"curies":[{"name":"wp","href":"https:\/\/api.w.org\/{rel}","templated":true}]}}