{"id":24868,"date":"2017-07-18T14:53:56","date_gmt":"2017-07-18T12:53:56","guid":{"rendered":"https:\/\/www.borsaturismoarcheologico.it\/bmta-a-tunisi-con-esperti-del-parco-archeologico-di-pompei-e-del-museo-archeologico-di-napoli-ha-incontrato-i-ministri-di-turismo-e-cultura-per-invitarli-al-ventennale-e-per-stipulare-intese-di-coop\/"},"modified":"2017-07-18T14:53:56","modified_gmt":"2017-07-18T13:53:56","slug":"bmta-a-tunisi-con-esperti-del-parco-archeologico-di-pompei-e-del-museo-archeologico-di-napoli-ha-incontrato-i-ministri-di-turismo-e-cultura-per-invitarli-al-ventennale-e-per-stipulare-intese-di-coop","status":"publish","type":"page","link":"https:\/\/www.borsaturismoarcheologico.it\/en\/bmta-a-tunisi-con-esperti-del-parco-archeologico-di-pompei-e-del-museo-archeologico-di-napoli-ha-incontrato-i-ministri-di-turismo-e-cultura-per-invitarli-al-ventennale-e-per-stipulare-intese-di-coop\/","title":{"rendered":"BMTA, a Tunisi con esperti del Parco Archeologico di Pompei e del Museo Archeologico di Napoli, ha incontrato i Ministri di Turismo e Cultura per invitarli al ventennale e per stipulare intese di cooperazione culturale"},"content":{"rendered":"<table>\n<tbody>\n<tr>\n<td valign=\"top\">\n<p style=\"text-align: justify;\"><strong> La Borsa Mediterranea del Turismo Archeologico, a Tunisi con esperti del Parco Archeologico di Pompei e del Museo Archeologico di Napoli, ha incontrato i Ministri di Turismo e Cultura per invitarli al ventennale e per stipulare intese di cooperazione culturale. Ricco di significato l\u2019Incontro al Museo del Bardo con l\u2019invito alla guida eroe, che salv\u00f2 la vita a 45 italiani durante l\u2019attacco terroristico.<\/strong><\/p>\n<p style=\"text-align: justify;\">Il <strong>Direttore della BMTA Ugo Picarelli<\/strong> ha incontrato a Tunisi la <strong>Ministra del Turismo e dell\u2019Artigianato Selma Elloumi Rekik<\/strong> e <strong>il Ministro della Cultura Zine El Abidine<\/strong>, su invito dell\u2019<strong>Ambasciatore di Tunisia a Roma Moez Sinaoui<\/strong>, al fine di coordinare un gruppo di esperti per sviluppare intese su tematiche di cooperazione culturale.<\/p>\n<p style=\"text-align: justify;\">Il gratificante appuntamento per la BMTA, nell\u2019anno del suo ventennale in programma a Paestum dal 26 al 29 ottobre 2017, si \u00e8 inserito nell\u2019ambito della visita del <strong>Sottosegretario di Stato al Turismo Dorina Bianchi<\/strong>, presente con una delegazione di tour operator e giornalisti e accompagnata dal <strong>Vice Presidente della Commissione Attivit\u00e0 Produttive della Camera e Presidente dell\u2019Osservatorio Parlamentare del Turismo Ignazio Abrignani<\/strong>.<\/p>\n<p style=\"text-align: justify;\">La Borsa \u00e8 best practice riconosciuta per l\u2019impegno a favore del dialogo interculturale, non solo attraverso la partecipazione nel Salone Espositivo di 30 Paesi Esteri e l\u2019annuale presenza di un Paese Ospite Ufficiale, ma anche per dedicare dal 2015 nell\u2019ambito del programma due significativi momenti a questo tema:<\/p>\n<p style=\"text-align: justify;\">&#8211; <strong>l\u2019incontro \u201c#pernondimenticare il Museo del Bardo, 18 marzo 2015\u201d<\/strong>, a seguito dell\u2019accadimento tanto funesto al <strong>Museo di Tunisi<\/strong>, per ricordare che il patrimonio culturale \u00e8 uno strumento fondamentale per il dialogo interculturale: ogni cittadino del mondo, al di l\u00e0 di appartenenze religiose o politiche, deve essere consapevole che il patrimonio culturale \u00e8 un bene comune e rappresentazione di identit\u00e0 nazionale, per cui va difeso da tutti i Paesi che fanno della democrazia il loro baluardo;<br \/>\n&#8211; l\u2019<strong>International Archaeological Discovery Award \u201cKhaled al-Asaad\u201d<\/strong>, in collaborazione con Archeo, la prima testata archeologica italiana, intitolato al noto archeologo di Palmira che ha pagato con la vita la difesa del patrimonio culturale.<\/p>\n<p style=\"text-align: justify;\">L\u2019incontro a Tunisi \u00e8 stato occasione per il Direttore Ugo Picarelli di invitare la Ministra del Turismo e dell\u2019Artigianato Selma Elloumi Rekik alla <strong>Conferenza \u201cIl dialogo interculturale valore universale delle identit\u00e0 e del patrimonio culturale: #pernondimenticare il Museo del Bardo, 18 marzo 2015 e #unite4heritage for Palmyra\u201d<\/strong> in collaborazione con <strong>Unesco<\/strong> e <strong>Organizzazione Mondiale del Turismo<\/strong>, con la partecipazione dei Ministri del Turismo e della Cultura di Azerbaigian, Bahrein, Iraq, Serbia.<\/p>\n<p style=\"text-align: justify;\">Il Direttore della Borsa, come a Belgrado nei mesi scorsi, ha coordinato un gruppo di esperti rappresentato dall\u2019archeologa <strong>Luisa Melillo Funzionario Archeologo Responsabile dell\u2019Ufficio Restauro e dell\u2019Ufficio Relazioni Internazionali del Museo Archeologico Nazionale di Napoli<\/strong> e dall\u2019<strong>architetto Annamaria Mauro Capo Area Organizzazione e funzionamento del Parco Archeologico di Pompei<\/strong>.<\/p>\n<p style=\"text-align: justify;\">Nell\u2019incontro con i Ministri Tunisini, con la Direzione Generale Turismo Culturale del Ministero del Turismo e con l\u2019Istituto Nazionale del Patrimonio sono state valutate, alla luce della recente riforma dei beni culturali, le collaborazioni future che riguarderanno gemellaggi con le citt\u00e0 di epoca romana, restauri di opere d\u2019arte, scambi di esperienze su archeologia virtuale, scavi di nuove missioni archeologiche. L\u2019occasione \u00e8 stata importante per condividere con l\u2019<strong>Ambasciatore Italiano a Tunisi, Raimondo De Cardona<\/strong>, che le collaborazioni possano attuarsi e svolgersi per il tramite dell\u2019<strong>Istituto Italiano di Cultura diretto dalla salernitana Maria Vittoria Longhi<\/strong>.<\/p>\n<p style=\"text-align: justify;\">Dopo la citt\u00e0 punica di Cartagine, la Borsa ha visitato il Museo del Bardo incontrando il <strong>Direttore Mouncef Ben Moussa<\/strong> e ribadendo il suo impegno annuale a trasmettere sempre a futura memoria l\u2019accaduto dell\u2019aprile 2015.<br \/>\nLa Borsa per sottolineare l\u2019amicizia col Bardo inviter\u00e0 a Paestum <strong>Hamadi Ben Abdesslem<\/strong>, la guida turistica, che ha salvato 45 italiani durante l\u2019attacco terroristico dell\u2019Isis, portandoli al riparo da una uscita di servizio. Poich\u00e9 Hamadi \u00e8 nel suo paese Vice Presidente dell\u2019Associazione Guide Turistiche, potr\u00e0 portare la sua esperienza all\u2019Incontro annuale che ANGT, l\u2019associazione delle guide italiane, svolge a Paestum in occasione della Borsa.<\/p>\n<\/td>\n<td valign=\"top\">\n<div id=\"attachment_8808\" style=\"width: 251px\" class=\"wp-caption aligncenter\"><a href=\"https:\/\/www.borsaturismoarcheologico.it\/wp-content\/uploads\/2017\/07\/Il-Direttore-Picarelli-con-Ministro-Turismo-Tunisia.jpg\" rel=\"attachment wp-att-8808\"><img decoding=\"async\" aria-describedby=\"caption-attachment-8808\" class=\"size-medium wp-image-8808\" src=\"https:\/\/www.borsaturismoarcheologico.it\/wp-content\/uploads\/2017\/07\/Il-Direttore-Picarelli-con-Ministro-Turismo-Tunisia-241x300.jpg\" alt=\"Il Direttore Picarelli con la Ministra del Turismo e Artigianato della Tunisia Selma Elloumi Rekik \" width=\"241\" height=\"300\" title=\"\" srcset=\"https:\/\/www.borsaturismoarcheologico.it\/wp-content\/uploads\/2017\/07\/Il-Direttore-Picarelli-con-Ministro-Turismo-Tunisia-150x187.jpg 150w, https:\/\/www.borsaturismoarcheologico.it\/wp-content\/uploads\/2017\/07\/Il-Direttore-Picarelli-con-Ministro-Turismo-Tunisia-241x300.jpg 241w, https:\/\/www.borsaturismoarcheologico.it\/wp-content\/uploads\/2017\/07\/Il-Direttore-Picarelli-con-Ministro-Turismo-Tunisia-300x374.jpg 300w, https:\/\/www.borsaturismoarcheologico.it\/wp-content\/uploads\/2017\/07\/Il-Direttore-Picarelli-con-Ministro-Turismo-Tunisia.jpg 578w\" sizes=\"(max-width: 241px) 100vw, 241px\" \/><\/a><p id=\"caption-attachment-8808\" class=\"wp-caption-text\">Il Direttore Picarelli con la Ministra del Turismo e Artigianato della Tunisia Selma Elloumi Rekik<\/p><\/div>\n<div id=\"attachment_8809\" style=\"width: 310px\" class=\"wp-caption aligncenter\"><a href=\"https:\/\/www.borsaturismoarcheologico.it\/wp-content\/uploads\/2017\/07\/Il-Direttore-Picarelli-con-il-Ministro-del-Turismo-della-Tunisia.jpg\"><img decoding=\"async\" aria-describedby=\"caption-attachment-8809\" class=\"size-medium wp-image-8809\" src=\"https:\/\/www.borsaturismoarcheologico.it\/wp-content\/uploads\/2017\/07\/Il-Direttore-Picarelli-con-il-Ministro-del-Turismo-della-Tunisia.jpg\" alt=\"Il Direttore della BMTA Ugo Picarelli con il Ministro della Cultura della Tunisia Mohamed Zine El Abidine\" width=\"300\" height=\"238\" title=\"\"><\/a><p id=\"caption-attachment-8809\" class=\"wp-caption-text\">Il Direttore della BMTA Picarelli con il Ministro della Cultura della Tunisia Mohamed Zine El Abidine<\/p><\/div>\n<div id=\"attachment_8871\" style=\"width: 310px\" class=\"wp-caption aligncenter\"><a href=\"https:\/\/www.borsaturismoarcheologico.it\/wp-content\/uploads\/2017\/07\/Il-Direttore-Picarelli-col-Direttore-del-Museo-del-Bardo-.jpg\" rel=\"attachment wp-att-8871\"><img decoding=\"async\" aria-describedby=\"caption-attachment-8871\" class=\"wp-image-8871 size-medium\" src=\"https:\/\/www.borsaturismoarcheologico.it\/wp-content\/uploads\/2017\/07\/Il-Direttore-Picarelli-col-Direttore-del-Museo-del-Bardo--300x222.jpg\" alt=\"Il Direttore Picarelli col Direttore del Museo del Bardo Mouncef Ben Moussa\" width=\"300\" height=\"222\" title=\"\" srcset=\"https:\/\/www.borsaturismoarcheologico.it\/wp-content\/uploads\/2017\/07\/Il-Direttore-Picarelli-col-Direttore-del-Museo-del-Bardo--150x111.jpg 150w, https:\/\/www.borsaturismoarcheologico.it\/wp-content\/uploads\/2017\/07\/Il-Direttore-Picarelli-col-Direttore-del-Museo-del-Bardo--300x222.jpg 300w, https:\/\/www.borsaturismoarcheologico.it\/wp-content\/uploads\/2017\/07\/Il-Direttore-Picarelli-col-Direttore-del-Museo-del-Bardo-.jpg 626w\" sizes=\"(max-width: 300px) 100vw, 300px\" \/><\/a><p id=\"caption-attachment-8871\" class=\"wp-caption-text\">Il Direttore Picarelli col Direttore del Museo del Bardo Mouncef Ben Moussa<\/p><\/div>\n<p><div id=\"attachment_8872\" style=\"width: 310px\" class=\"wp-caption aligncenter\"><a href=\"https:\/\/www.borsaturismoarcheologico.it\/wp-content\/uploads\/2017\/07\/Il-Direttore-Picarelli-con-la-guida-eroe-Hamadi-Ben-Abdesslem-.jpg\" rel=\"attachment wp-att-8872\"><img decoding=\"async\" aria-describedby=\"caption-attachment-8872\" class=\"wp-image-8872 size-medium\" src=\"https:\/\/www.borsaturismoarcheologico.it\/wp-content\/uploads\/2017\/07\/Il-Direttore-Picarelli-con-la-guida-eroe-Hamadi-Ben-Abdesslem--300x207.jpg\" alt=\"Il Direttore Picarelli con la guida eroe Hamadi Ben Abdesslem\" width=\"300\" height=\"207\" title=\"\" srcset=\"https:\/\/www.borsaturismoarcheologico.it\/wp-content\/uploads\/2017\/07\/Il-Direttore-Picarelli-con-la-guida-eroe-Hamadi-Ben-Abdesslem--150x103.jpg 150w, https:\/\/www.borsaturismoarcheologico.it\/wp-content\/uploads\/2017\/07\/Il-Direttore-Picarelli-con-la-guida-eroe-Hamadi-Ben-Abdesslem--300x207.jpg 300w, https:\/\/www.borsaturismoarcheologico.it\/wp-content\/uploads\/2017\/07\/Il-Direttore-Picarelli-con-la-guida-eroe-Hamadi-Ben-Abdesslem-.jpg 714w\" sizes=\"(max-width: 300px) 100vw, 300px\" \/><\/a><p id=\"caption-attachment-8872\" class=\"wp-caption-text\">Il Direttore Picarelli con la guida eroe Hamadi Ben Abdesslem<\/p><\/div><\/td>\n<\/tr>\n<\/tbody>\n<\/table>\n","protected":false},"excerpt":{"rendered":"<p>La Borsa Mediterranea del Turismo Archeologico, a Tunisi con esperti  [&#8230;]<\/p>\n","protected":false},"author":1,"featured_media":0,"parent":0,"menu_order":0,"comment_status":"closed","ping_status":"closed","template":"","meta":{"_monsterinsights_skip_tracking":false,"_monsterinsights_sitenote_active":false,"_monsterinsights_sitenote_note":"","_monsterinsights_sitenote_category":0,"footnotes":""},"class_list":["post-24868","page","type-page","status-publish","hentry"],"_links":{"self":[{"href":"https:\/\/www.borsaturismoarcheologico.it\/en\/wp-json\/wp\/v2\/pages\/24868","targetHints":{"allow":["GET"]}}],"collection":[{"href":"https:\/\/www.borsaturismoarcheologico.it\/en\/wp-json\/wp\/v2\/pages"}],"about":[{"href":"https:\/\/www.borsaturismoarcheologico.it\/en\/wp-json\/wp\/v2\/types\/page"}],"author":[{"embeddable":true,"href":"https:\/\/www.borsaturismoarcheologico.it\/en\/wp-json\/wp\/v2\/users\/1"}],"replies":[{"embeddable":true,"href":"https:\/\/www.borsaturismoarcheologico.it\/en\/wp-json\/wp\/v2\/comments?post=24868"}],"version-history":[{"count":0,"href":"https:\/\/www.borsaturismoarcheologico.it\/en\/wp-json\/wp\/v2\/pages\/24868\/revisions"}],"wp:attachment":[{"href":"https:\/\/www.borsaturismoarcheologico.it\/en\/wp-json\/wp\/v2\/media?parent=24868"}],"curies":[{"name":"wp","href":"https:\/\/api.w.org\/{rel}","templated":true}]}}