{"id":24887,"date":"2017-09-28T13:22:03","date_gmt":"2017-09-28T11:22:03","guid":{"rendered":"https:\/\/www.borsaturismoarcheologico.it\/archaeovirtual-2016\/"},"modified":"2017-09-28T13:22:03","modified_gmt":"2017-09-28T12:22:03","slug":"archaeovirtual-2016","status":"publish","type":"page","link":"https:\/\/www.borsaturismoarcheologico.it\/en\/archaeovirtual-2016\/","title":{"rendered":"ArchaeoVirtual 2016"},"content":{"rendered":"<table>\n<tbody>\n<tr>\n<td style=\"padding-right: 10px!important;\" valign=\"top\">\n<p style=\"text-align: justify;\"><strong><span style=\"color: #00aff0;\"><a href=\"http:\/\/www.archeovirtual.it\/\" target=\"_blank\" rel=\"noopener nofollow\">ArcheoVirtual<\/a><\/span><\/strong> is the section dedicated to virtual archaeology <strong><span style=\"color: #00aff0;\">in collaboration with the <a href=\"http:\/\/www.itabc.cnr.it\/\" target=\"_blank\" rel=\"noopener nofollow\">Institute for Technologies Applied to Cultural Heritage of the CNR<\/a><\/span><\/strong><a href=\"http:\/\/www.itabc.cnr.it\/it\/home\/1\" target=\"_blank\" rel=\"noopener nofollow\">.<\/a><\/p>\n<p style=\"text-align: justify;\">The most advanced technologies meet the world of archaeology in the engaging gallery of ArcheoVirtual &#8211; the excellence of the BMTA &#8211; that will allow visitors to travel through time into antiquity, thanks to the newest virtual productions.<\/p>\n<p style=\"text-align: justify;\"><strong><span style=\"color: #00aff0;\">ArcheoVirtual\u00a0<\/span><\/strong>celebrates the tenth edition.<\/p>\n<p style=\"text-align: justify;\">During this important international event, every year is organized a space dedicated to Virtual\u00a0Archaeology and to best worldwide applications, projects and installations. The main theme will be\u00a0the Landscape.<\/p>\n<table>\n<tbody>\n<tr>\n<td style=\"padding-right: 10px!important;\" valign=\"top\">&nbsp;<\/p>\n<h3 style=\"text-align: justify;\"><strong><span style=\"color: #005490;\">Gli Incontri<\/span><\/strong><\/h3>\n<p>&nbsp;<\/p>\n<h4><span style=\"color: #f8951d;\"> Gioved\u00ec 27 ottobre Salone Espositivo\u00a0<\/span><span style=\"color: #005490;\">ore 12.00 \u2013 12.15<\/span><\/h4>\n<p><strong><span style=\"color: #005490;\">UN&#8217;ESPLORAZIONE IMMERSIVA DI UN SITO NEOLITICO UNESCO<\/span><\/strong><\/p>\n<p><span style=\"color: #f8951d;\"><b>interviene<\/b><\/span><br \/>\n<span style=\"color: #005490;\"><strong><span style=\"color: #00aff0;\">Laia Pujol Tost<\/span><\/strong> Pompeu Fabra University (Spagna) &#8211; Progetto \u201cCH3D &#8211; \u00c7atalh\u00f6y\u00fck 3D\u201d<\/span><\/p>\n<p>&nbsp;<\/p>\n<h4><span style=\"color: #f8951d;\">Gioved\u00ec 27 ottobre Salone Espositivo\u00a0<\/span><span style=\"color: #005490; font-family: inherit; font-size: inherit;\">ore 17.00 \u2013 17.15<\/span><\/h4>\n<p><strong><span style=\"color: #005490;\">MUOVERSI ALL&#8217;INTERNO DI UN&#8217;ESPERIENZA IMMERSIVA ALLA SCOPERTA DI UNA CITT\u00c0 IBERICA RICOSTRUITA<\/span><\/strong><\/p>\n<p><span style=\"color: #f8951d;\"><b>interviene<\/b><\/span><br \/>\n<span style=\"color: #005490;\"><strong><span style=\"color: #00aff0;\">Isis Ruiz Soler<\/span><\/strong> Museu d&#8217;Arqueologia de Catalunya (Spagna) \u2013 Progetto \u201cUllastret&#8221;<\/span><\/p>\n<p><em><span style=\"color: #005490;\">\u201cUllastret: muoversi all\u2019interno di\u00a0un\u2019esperienza immersiva alla scoperta di una citt\u00e0 iberica ricostruita\u201d<\/span><\/em><br \/>\n<strong><span style=\"color: #00aff0;\">Gabriel de Prado<\/span><\/strong>\u00a0<span style=\"color: #005490;\">Museu d\u2019Arqueologia de Catalunya (Spagna)<\/span><\/p>\n<p>&nbsp;<\/p>\n<h4><span style=\"color: #f8951d;\">Venerd\u00ec 28 \u00a0ottobre Salone Espositivo\u00a0<\/span><span style=\"color: #005490;\">ore 12.00 \u2013 12.15<\/span><\/h4>\n<p><strong><span style=\"color: #005490;\">GIOCARE CON L&#8217;INTERAZIONE NATURALE PER ESPLORARE LEONARDO E VITRUVIO<\/span><\/strong><\/p>\n<p><span style=\"color: #f8951d;\"><b>interviene<\/b><\/span><br \/>\n<span style=\"color: #005490;\"><strong><span style=\"color: #00aff0;\">Enzo D&#8217;Annibale<\/span><\/strong> EVE srl &#8211; Progetto \u201cVitruvian Man Mirror\u201d<\/span><\/p>\n<p>&nbsp;<\/p>\n<h4><span style=\"color: #f8951d;\">Venerd\u00ec 28 ottobre Salone Espositivo\u00a0<\/span><span style=\"color: #005490;\">ore 17.00 \u2013 17.15<br \/>\n<\/span><\/h4>\n<p><strong><span style=\"color: #005490;\">SVILUPPARE UN GIOCO INTERATTIVO PER I RAGAZZI ALLA SCOPERTA DELL&#8217;ARCHEOLOGIA VIRTUALE <\/span><\/strong><\/p>\n<p><span style=\"color: #f8951d;\"><b>interviene<\/b><\/span><br \/>\n<span style=\"color: #005490;\"><strong><span style=\"color: #00aff0;\">Davide Borra<\/span><\/strong> CEO NoReal &#8211; Progetto \u201cForma Urbis Augusta Bagiennorum\u201d<\/span><\/p>\n<p><span style=\"color: #005490;\">\u00a0<\/span><\/p>\n<h4><span style=\"color: #f8951d;\">Sabato 29 ottobre Salone Espositivo\u00a0<\/span><span style=\"color: #005490;\">ore 15.00 \u2013 15.15<\/span><\/h4>\n<p><strong><span style=\"color: #005490;\">I NUOVI LINGUAGGI IMMERSIVI DI COMUNICAZIONE PER L&#8217;ARCHEOLOGIA VIRTUALE<\/span><\/strong><\/p>\n<p><span style=\"color: #f8951d;\"><b>interviene<\/b><\/span><br \/>\n<span style=\"color: #005490;\"><strong><span style=\"color: #00aff0;\">Jader Giraldi<\/span><\/strong> Zeranta &#8211; Progetto \u201cHerculaneum 3D\u201d<\/span><\/p>\n<p>&nbsp;<\/p>\n<h4><span style=\"color: #f8951d;\">Sabato 29 Salone Espositivo<\/span><span style=\"color: #005490;\">\u00a0ore 18.00 \u2013 18.15<\/span><\/h4>\n<p><strong><span style=\"color: #005490;\">INTERFACCE TATTILI E SMART OBJECT PER COMUNICARE IL PATRIMONIO TANGIBILE E INTANGIBILE<\/span><\/strong><\/p>\n<p><span style=\"color: #f8951d;\"><b>interviene<\/b><\/span><br \/>\n<span style=\"color: #005490;\"><strong><span style=\"color: #00aff0;\">Daniela Petrelli<\/span><\/strong> University of Sheffield Hallam (Regno Unito) \u2013 Progetto \u201cVoices from the Past\u201d<\/span><\/p>\n<p>&nbsp;<\/p>\n<h4><span style=\"color: #f8951d;\">Domenica 30 Salone Espositivo\u00a0<\/span><span style=\"color: #005490;\">ore 10.00 \u2013 10.15<\/span><\/h4>\n<p><strong><span style=\"color: #005490;\">GLI STRUMENTI PER REALIZZARE UN&#8217;ESPLORAZIONE NARRATIVA IN 3D DEL PAESAGGIO<br \/>\n<\/span><\/strong><strong><br \/>\n<span style=\"color: #f8951d;\"><b>interviene<\/b><\/span><br \/>\n<span style=\"color: #005490;\"><strong><span style=\"color: #00aff0;\">Bruno Fanini<\/span><\/strong> CNR ITABC \u2013 Progetto \u201cLa Valle del Calore on line\u201d<\/span> <\/strong><\/p>\n<p>&nbsp;<\/td>\n<td valign=\"top\"><a href=\"https:\/\/www.borsaturismoarcheologico.it\/wp-content\/uploads\/2013\/01\/itabc.jpg\" rel=\"attachment wp-att-5178\"><img decoding=\"async\" class=\"size-full wp-image-5178 aligncenter\" src=\"https:\/\/www.borsaturismoarcheologico.it\/wp-content\/uploads\/2013\/01\/itabc.jpg\" alt=\"itabc\" width=\"200\" height=\"200\" title=\"\" srcset=\"https:\/\/www.borsaturismoarcheologico.it\/wp-content\/uploads\/2013\/01\/itabc-62x62.jpg 62w, https:\/\/www.borsaturismoarcheologico.it\/wp-content\/uploads\/2013\/01\/itabc-150x150.jpg 150w, https:\/\/www.borsaturismoarcheologico.it\/wp-content\/uploads\/2013\/01\/itabc.jpg 200w\" sizes=\"(max-width: 200px) 100vw, 200px\" \/><\/a><br \/>\n<img decoding=\"async\" class=\"aligncenter size-full wp-image-585\" src=\"https:\/\/www.borsaturismoarcheologico.it\/wp-content\/uploads\/2013\/01\/Archeovirtual_2016.jpg\" alt=\"archeovirtual\" width=\"400\" height=\"266\" title=\"\"><img decoding=\"async\" class=\"aligncenter size-full wp-image-585\" src=\" https:\/\/www.borsaturismoarcheologico.it\/wp-content\/uploads\/2013\/01\/Archeovirtual_BMTA2016.jpg\" alt=\"\" width=\"400\" height=\"266\" title=\"\"><img decoding=\"async\" class=\"aligncenter size-full wp-image-585\" src=\"https:\/\/www.borsaturismoarcheologico.it\/wp-content\/uploads\/2013\/01\/Archeovirtual_ottobre2016.jpg\" alt=\"archeovirtual\" width=\"400\" height=\"266\" title=\"\"><\/td>\n<\/tr>\n<\/tbody>\n<\/table>\n<p>&nbsp;<\/p>\n<h3><strong><span style=\"color: #005490;\">La Mostra<\/span><\/strong><\/h3>\n<p>&nbsp;<\/p>\n<p style=\"text-align: justify;\">L&#8217;Archeologia Virtuale si occupa di studiare, interpretare, comprendere e comunicare il patrimonio archeologico e il suo contesto attraverso un processo di acquisizione, ricostruzione e verifica continua. L&#8217;Archeologia Virtuale non \u00e8 infatti la semplice trasposizione o riproduzione digitale di un bene archeologico, ma \u00e8 innanzitutto un <strong>&#8220;processo&#8221; cibernetico\u00a0<\/strong>di <strong>simulazione<\/strong> grazie a cui \u00e8 possibile combinare diversi fattori, comportamenti, oggetti, ecosistemi, con l&#8217;obiettivo di identificare <strong>differenti<\/strong> <strong>potenziali<\/strong>, <strong>&#8220;realt\u00e0&#8221;,\u00a0<\/strong>ottenendo un incremento cognitivo del bene archeologico stesso.<\/p>\n<p style=\"text-align: justify;\">L&#8217;Archeologia Virtuale si serve di un approccio <strong>multidisciplinare<\/strong>, <strong>aperto<\/strong> e <strong>trasparente<\/strong>\u00a0che passa attraverso l&#8217;interazione all&#8217;interno di ambienti 3D geo-spaziali. Il percorso passa attraverso l&#8217;utilizzo di diversi strumenti e tecniche, a partire dall&#8217;acquisizione dei dati sul campo (DGPS, Scanner Laser, fotogrammetria) dall&#8217;elaborazione 3D dalla realizzazione di Sistemi Spaziali, fino a giungere alla trasformazione di tali dati in <strong>&#8220;informazioni&#8221;.<\/strong><\/p>\n<p style=\"text-align: justify;\">Differenti possono essere gli strumenti e gli stili di <strong>comunicazione<\/strong>: dalle applicazioni filmiche e multimediali alle <strong>applicazioni immersive di Realt\u00e0 Virtuale<\/strong>, dalla <strong>narrazione virtuale<\/strong> fino agli ambienti condivisi in <strong>multiutenza<\/strong>, dalle <strong>simulazioni complesse<\/strong> alla <strong>vita artificiale<\/strong>.<\/p>\n<p style=\"text-align: justify;\"><strong>ArcheoVirtual<\/strong> \u00e8 la mostra delle applicazioni digitali (filmiche e interattive) e dei progetti di archeologia virtuale, ovvero quella disciplina che si occupa di studiare, interpretare, comprendere e comunicare il patrimonio archeologico e il suo contesto attraverso un processo di acquisizione, ricostruzione, verifica continua tramite tecniche di visualizzazione, analisi e simulazione.<br \/>\nLa X edizione di ArcheoVirtual si focalizza su visitatori, entetainment e applicazioni virtuali per il paesaggio (<strong>&#8220;Pubblico e Paesaggio&#8221;<\/strong>) con 10 progetti in mostra.<\/p>\n<p><a href=\"https:\/\/www.borsaturismoarcheologico.it\/wp-content\/uploads\/2013\/01\/Workshop-ArcheoVirtual.jpg\" rel=\"attachment wp-att-7629\"><img decoding=\"async\" class=\"aligncenter wp-image-7629 size-full\" src=\"https:\/\/www.borsaturismoarcheologico.it\/wp-content\/uploads\/2013\/01\/Workshop-ArcheoVirtual.jpg\" alt=\"workshop-archeovirtual\" width=\"960\" height=\"560\" title=\"\" srcset=\"https:\/\/www.borsaturismoarcheologico.it\/wp-content\/uploads\/2013\/01\/Workshop-ArcheoVirtual-150x88.jpg 150w, https:\/\/www.borsaturismoarcheologico.it\/wp-content\/uploads\/2013\/01\/Workshop-ArcheoVirtual-300x175.jpg 300w, https:\/\/www.borsaturismoarcheologico.it\/wp-content\/uploads\/2013\/01\/Workshop-ArcheoVirtual-768x448.jpg 768w, https:\/\/www.borsaturismoarcheologico.it\/wp-content\/uploads\/2013\/01\/Workshop-ArcheoVirtual.jpg 960w\" sizes=\"(max-width: 960px) 100vw, 960px\" \/><\/a><\/p>\n<p>&nbsp;<\/p>\n<table>\n<tbody>\n<tr>\n<td style=\"padding-right: 10px!important;\" valign=\"top\"><strong><span style=\"color: #005490;\">1<\/span><\/strong>\u00a0 <strong><a href=\"http:\/\/www.archeovirtual.it\/index.php\/valle-calore\/\" target=\"_blank\" rel=\"noopener nofollow\">MUSEO DELL&#8217;ALTA VALLE DEL CALORE<\/a><\/strong><\/p>\n<p><span style=\"color: #005490;\"><strong>2<\/strong><\/span>\u00a0 <strong><a href=\"http:\/\/www.archeovirtual.it\/index.php\/luomo-di-vitruvio\/\" target=\"_blank\" rel=\"noopener nofollow\">VITRUVIAN MAN MIRROR: L&#8217;UOMO DI VITRUVIO<\/a><\/strong><\/p>\n<p><span style=\"color: #005490;\"><strong>3<\/strong><\/span>\u00a0 <strong><a href=\"http:\/\/www.archeovirtual.it\/index.php\/ullastret\/\" target=\"_blank\" rel=\"noopener nofollow\">ULLASTRET<\/a><\/strong><\/p>\n<p><strong><span style=\"color: #005490;\">4<\/span><\/strong>\u00a0 <strong><a href=\"http:\/\/www.archeovirtual.it\/index.php\/forma-urbis\/\" target=\"_blank\" rel=\"noopener nofollow\">FORMA URBIS: AUGUSTA BAGIENNORUM<\/a><\/strong><\/p>\n<p><span style=\"color: #005490;\"><strong>5<\/strong><\/span>\u00a0 <strong><a href=\"http:\/\/www.archeovirtual.it\/index.php\/voices-from-the-past\/\" target=\"_blank\" rel=\"noopener nofollow\">VOICES FROM THE PAST<\/a><\/strong><\/p>\n<p><span style=\"color: #005490;\"><strong>6<\/strong><\/span>\u00a0 <strong><a href=\"http:\/\/www.archeovirtual.it\/index.php\/sala-cinema\/\" target=\"_blank\" rel=\"noopener nofollow\">SALA CINEMA<\/a><\/strong><\/p>\n<ul>\n<li>\u00a0<span style=\"color: #00aff0;\"><strong>HIMERA &#8211; IL TEMPIO DELLA VITTORIA<\/strong><\/span><\/li>\n<li><span style=\"color: #00aff0;\"><strong>\u00a0TECNOLOGIE\u00a03D PER UNA LETTURA CRITICA DELLE CASE DI POMPEI: \u00a0DOMUS DI OTTAVIO QUARTIONE E DEL BRACCIALE D&#8217;ORO<\/strong><\/span><\/li>\n<li><span style=\"color: #00aff0;\"><strong>\u00a0 HISTORYTELLING<\/strong><\/span><\/li>\n<li><span style=\"color: #00aff0;\"><strong>LA MAGNIFICA AVVENTURA DI UN FRAMMENTO MENZIONI SPECIALI\u00a0(CORTI):<br \/>\n<\/strong><\/span><span style=\"color: #00aff0;\"><strong>VOYAGER ATLANTE<\/strong><strong><br \/>\n<\/strong><\/span><span style=\"color: #00aff0;\"><strong>DIVO NERONE\u00a0IL\u00a0\u00a0TEASER<\/strong><\/span><\/li>\n<\/ul>\n<p><span style=\"color: #005490;\"><strong>7<\/strong><\/span>\u00a0 <strong><a href=\"http:\/\/www.archeovirtual.it\/index.php\/ch3d\/\" target=\"_blank\" rel=\"noopener nofollow\">\u00c7H3D: LEARNING\u00a0OF \u00c7ATALH\u00d6Y\u00dcK\u00a0THROUGH\u00a0PRESENCE<\/a><\/strong><\/p>\n<p><span style=\"color: #005490;\"><strong>8<\/strong><\/span>\u00a0 <strong><a href=\"http:\/\/www.archeovirtual.it\/index.php\/herculaneum-360\/\" target=\"_blank\" rel=\"noopener nofollow\">HERCULANEUM\u00a0CON\u00a0LA\u00a0REALT\u00c0\u00a0IMMERSIVA\u00a0a 360\u00b0<\/a><\/strong><\/p>\n<p>&nbsp;<\/p>\n<h3><strong><span style=\"color: #005490;\">Il Workshop<\/span><\/strong><\/h3>\n<p>&nbsp;<\/p>\n<p style=\"text-align: justify;\">Il <span style=\"color: #005490;\"><strong>workshop<\/strong><\/span> tratter\u00e0 dell&#8217;archeologia virtuale come valore aggiunto in progetti sviluppati nel settore dell&#8217;intrattenimento, in particolare spettacoli live e e video giochi. Si discuter\u00e0 di &#8220;creative industries&#8221; e turismo culturale, delineando una nuova alleanza possibile tra ricerca, istituzioni culturali e imprese. Gli ospiti interverranno presentando due casi esemplari &#8220;Divo Nerone&#8221; musical rock e &#8220;Reveal&#8221; progetto europeo sui videogames.<\/p>\n<h4><span style=\"color: #f8951d;\">Sabato 29 Museo Archeologico\u00a0<\/span><span style=\"color: #005490;\">ore 9.30 \u2013 12.30<\/span><\/h4>\n<p><strong><span style=\"color: #005490;\">&#8220;ARCHEOLOGIA VIRTUALE ED ENTERTAINMENT PER IL TURISTA DEL TERZO MILLENNIO&#8221;\u00a0 <\/span><\/strong><br \/>\n<span style=\"color: #005490;\">in collaborazione con CNR ITABC Istituto per le Tecnologie Applicate ai Beni Culturali<\/span><\/p>\n<p><strong><span style=\"color: #f8951d;\">indirizzo di saluto<\/span><\/strong><br \/>\n<span style=\"color: #00aff0;\"><b>Ugo Picarelli<\/b><\/span><span style=\"color: #005490;\">\u00a0Direttore della Borsa<\/span><\/p>\n<p><strong><span style=\"color: #f8951d;\">modera<br \/>\n<span style=\"color: #00aff0;\"><b>Augusto Palombini<\/b><\/span><span style=\"color: #005490;\">\u00a0<\/span><\/span><\/strong><span style=\"color: #f8951d;\"><span style=\"color: #005490;\">Ricercatore CNR ITABC<\/span><\/span><strong><span style=\"color: #f8951d;\"><br \/>\n<\/span><\/strong><\/p>\n<p><span style=\"color: #005490;\"><strong><span style=\"color: #00aff0;\">Paolo Mauriello<\/span><\/strong> Direttore CNR ITABC<br \/>\n<strong><span style=\"color: #00aff0;\">Francesco Prosperetti<\/span><\/strong> Soprintendente Speciale per il Colosseo, il Museo Nazionale Romano e l\u2019Area Archeologica di Roma<br \/>\n<strong><span style=\"color: #00aff0;\">Sofia Pescarin<\/span><\/strong> Ricercatore CNR ITABC e Direttore Scientifico ArcheoVirtual<br \/>\n<strong><span style=\"color: #00aff0;\">Ernesto Migliacci<\/span><\/strong>\u00a0Produttore Artistico di Divo Nerone<\/span><span style=\"color: #005490;\"><br \/>\n<strong><span style=\"color: #00aff0;\">Daniela Petrelli<\/span><\/strong> Universit\u00e0 di Sheffield Hallam (UK), progetto EU REVEAL Games<br \/>\n<strong><span style=\"color: #00aff0;\">Edmondo Orlotti<\/span><\/strong>\u00a0HPE Business Development manager<br \/>\n<strong><span style=\"color: #00aff0;\">Riccardo Buzzanca<\/span><\/strong>\u00a0Mekane scenografie<br \/>\n<\/span><\/p>\n<p><strong><span style=\"color: #f8951d;\">partecipano<br \/>\n<\/span><\/strong><strong><span style=\"color: #00aff0;\">Franco Migliacci<\/span><\/strong> <span style=\"color: #005490;\">Paroliere ed editore musicale<\/span><br \/>\n<strong><span style=\"color: #00aff0;\">Gino Landi<\/span><\/strong> <span style=\"color: #005490;\"><span style=\"color: #005490;\">Regista e coreografo<\/span><br \/>\n<span style=\"color: #00aff0;\"><b>Cristian Casella e Jacopo Capanna<\/b><\/span><\/span><span style=\"color: #005490;\">\u00a0<span style=\"color: #005490;\">Artisti associati, produttori<\/span><br \/>\n<\/span><span style=\"color: #005490;\"><strong><span style=\"color: #00aff0;\">Alessandro D&#8217;Alessio<\/span><\/strong>\u00a0Direttore Domus Aurea, Soprintendenza Speciale per il Colosseo, il Museo Nazionale Romano e l\u2019Area Archeologica di Roma<br \/>\n<strong><span style=\"color: #00aff0;\">Davide Borra<\/span><\/strong>\u00a0CEO NoReal<br \/>\n<strong><span style=\"color: #00aff0;\">Jader Giraldi\u00a0<\/span><\/strong>CEO\u00a0Zeranta<br \/>\n<strong><span style=\"color: #00aff0;\">Laia Pujol Tost\u00a0<\/span><\/strong>Universit\u00e0 Pompeu Fabra<br \/>\n<strong><span style=\"color: #00aff0;\">Gabriel de Prado\u00a0<\/span><\/strong>Museu d&#8217;Arqueologia de Catalunya Spagna<br \/>\n<strong><span style=\"color: #00aff0;\">Giovanni Bedeschi\u00a0<\/span><\/strong>Regista<\/span><\/td>\n<td valign=\"top\"><a href=\"https:\/\/www.borsaturismoarcheologico.it\/wp-content\/uploads\/2013\/01\/itabc.jpg\" rel=\"attachment wp-att-5178\"><br \/>\n<\/a><\/td>\n<\/tr>\n<\/tbody>\n<\/table>\n<\/td>\n<\/tr>\n<\/tbody>\n<\/table>\n","protected":false},"excerpt":{"rendered":"<p>ArcheoVirtual is the section dedicated to virtual archaeology in collaboration  [&#8230;]<\/p>\n","protected":false},"author":1,"featured_media":0,"parent":0,"menu_order":0,"comment_status":"closed","ping_status":"closed","template":"","meta":{"_monsterinsights_skip_tracking":false,"_monsterinsights_sitenote_active":false,"_monsterinsights_sitenote_note":"","_monsterinsights_sitenote_category":0,"footnotes":""},"class_list":["post-24887","page","type-page","status-publish","hentry"],"_links":{"self":[{"href":"https:\/\/www.borsaturismoarcheologico.it\/en\/wp-json\/wp\/v2\/pages\/24887","targetHints":{"allow":["GET"]}}],"collection":[{"href":"https:\/\/www.borsaturismoarcheologico.it\/en\/wp-json\/wp\/v2\/pages"}],"about":[{"href":"https:\/\/www.borsaturismoarcheologico.it\/en\/wp-json\/wp\/v2\/types\/page"}],"author":[{"embeddable":true,"href":"https:\/\/www.borsaturismoarcheologico.it\/en\/wp-json\/wp\/v2\/users\/1"}],"replies":[{"embeddable":true,"href":"https:\/\/www.borsaturismoarcheologico.it\/en\/wp-json\/wp\/v2\/comments?post=24887"}],"version-history":[{"count":0,"href":"https:\/\/www.borsaturismoarcheologico.it\/en\/wp-json\/wp\/v2\/pages\/24887\/revisions"}],"wp:attachment":[{"href":"https:\/\/www.borsaturismoarcheologico.it\/en\/wp-json\/wp\/v2\/media?parent=24887"}],"curies":[{"name":"wp","href":"https:\/\/api.w.org\/{rel}","templated":true}]}}